{"id":7,"date":"2020-04-16T12:37:26","date_gmt":"2020-04-16T10:37:26","guid":{"rendered":"https:\/\/achrone-1997.com\/?page_id=7"},"modified":"2026-01-17T00:31:38","modified_gmt":"2026-01-16T23:31:38","slug":"la-maison-2","status":"publish","type":"page","link":"https:\/\/achrone-1997.com\/accueil\/la-maison-2\/","title":{"rendered":"LA MAISON"},"content":{"rendered":"\t\t<div data-elementor-type=\"wp-page\" data-elementor-id=\"7\" class=\"elementor elementor-7\" data-elementor-settings=\"[]\">\n\t\t\t\t\t\t<div class=\"elementor-inner\">\n\t\t\t\t\t\t\t<div class=\"elementor-section-wrap\">\n\t\t\t\t\t\t\t<section class=\"elementor-section elementor-top-section elementor-element elementor-element-ecf7e66 elementor-section-boxed elementor-section-height-default elementor-section-height-default\" data-id=\"ecf7e66\" data-element_type=\"section\">\n\t\t\t\t\t\t<div class=\"elementor-container elementor-column-gap-default\">\n\t\t\t\t\t\t\t<div class=\"elementor-row\">\n\t\t\t\t\t<div class=\"elementor-column elementor-col-100 elementor-top-column elementor-element elementor-element-1912e91\" data-id=\"1912e91\" data-element_type=\"column\">\n\t\t\t<div class=\"elementor-column-wrap elementor-element-populated\">\n\t\t\t\t\t\t\t<div class=\"elementor-widget-wrap\">\n\t\t\t\t\t\t<div class=\"elementor-element elementor-element-6607325 elementor-widget elementor-widget-image\" data-id=\"6607325\" data-element_type=\"widget\" data-widget_type=\"image.default\">\n\t\t\t\t<div class=\"elementor-widget-container\">\n\t\t\t\t\t\t\t\t<div class=\"elementor-image\">\n\t\t\t\t\t\t\t\t\t\t\t\t<img loading=\"lazy\" decoding=\"async\" width=\"1024\" height=\"703\" src=\"https:\/\/achrone-1997.com\/wp-content\/uploads\/2026\/01\/DSC01875-1024x703.jpg\" class=\"attachment-large size-large\" alt=\"\" srcset=\"https:\/\/achrone-1997.com\/wp-content\/uploads\/2026\/01\/DSC01875-1024x703.jpg 1024w, https:\/\/achrone-1997.com\/wp-content\/uploads\/2026\/01\/DSC01875-300x206.jpg 300w, https:\/\/achrone-1997.com\/wp-content\/uploads\/2026\/01\/DSC01875-768x527.jpg 768w, https:\/\/achrone-1997.com\/wp-content\/uploads\/2026\/01\/DSC01875-1536x1054.jpg 1536w, https:\/\/achrone-1997.com\/wp-content\/uploads\/2026\/01\/DSC01875-2048x1406.jpg 2048w, https:\/\/achrone-1997.com\/wp-content\/uploads\/2026\/01\/DSC01875-600x412.jpg 600w\" sizes=\"(max-width: 1024px) 100vw, 1024px\" \/>\t\t\t\t\t\t\t\t\t\t\t\t\t\t<\/div>\n\t\t\t\t\t\t<\/div>\n\t\t\t\t<\/div>\n\t\t\t\t\t\t<\/div>\n\t\t\t\t\t<\/div>\n\t\t<\/div>\n\t\t\t\t\t\t\t\t<\/div>\n\t\t\t\t\t<\/div>\n\t\t<\/section>\n\t\t\t\t<section class=\"elementor-section elementor-top-section elementor-element elementor-element-42f5b8e elementor-section-boxed elementor-section-height-default elementor-section-height-default\" data-id=\"42f5b8e\" data-element_type=\"section\">\n\t\t\t\t\t\t<div class=\"elementor-container elementor-column-gap-extended\">\n\t\t\t\t\t\t\t<div class=\"elementor-row\">\n\t\t\t\t\t<div class=\"elementor-column elementor-col-50 elementor-top-column elementor-element elementor-element-2e27bbf\" data-id=\"2e27bbf\" data-element_type=\"column\">\n\t\t\t<div class=\"elementor-column-wrap elementor-element-populated\">\n\t\t\t\t\t\t\t<div class=\"elementor-widget-wrap\">\n\t\t\t\t\t\t<div class=\"elementor-element elementor-element-5f8b6b5 elementor-widget elementor-widget-image\" data-id=\"5f8b6b5\" data-element_type=\"widget\" data-widget_type=\"image.default\">\n\t\t\t\t<div class=\"elementor-widget-container\">\n\t\t\t\t\t\t\t\t<div class=\"elementor-image\">\n\t\t\t\t\t\t\t\t\t\t\t\t<img loading=\"lazy\" decoding=\"async\" width=\"1365\" height=\"2048\" src=\"https:\/\/achrone-1997.com\/wp-content\/uploads\/2026\/01\/DSC01426-1365x2048.jpg\" class=\"attachment-2048x2048 size-2048x2048\" alt=\"\" srcset=\"https:\/\/achrone-1997.com\/wp-content\/uploads\/2026\/01\/DSC01426-1365x2048.jpg 1365w, https:\/\/achrone-1997.com\/wp-content\/uploads\/2026\/01\/DSC01426-200x300.jpg 200w, https:\/\/achrone-1997.com\/wp-content\/uploads\/2026\/01\/DSC01426-683x1024.jpg 683w, https:\/\/achrone-1997.com\/wp-content\/uploads\/2026\/01\/DSC01426-768x1152.jpg 768w, https:\/\/achrone-1997.com\/wp-content\/uploads\/2026\/01\/DSC01426-1024x1536.jpg 1024w, https:\/\/achrone-1997.com\/wp-content\/uploads\/2026\/01\/DSC01426-600x900.jpg 600w, https:\/\/achrone-1997.com\/wp-content\/uploads\/2026\/01\/DSC01426-scaled.jpg 1707w\" sizes=\"(max-width: 1365px) 100vw, 1365px\" \/>\t\t\t\t\t\t\t\t\t\t\t\t\t\t<\/div>\n\t\t\t\t\t\t<\/div>\n\t\t\t\t<\/div>\n\t\t\t\t\t\t<\/div>\n\t\t\t\t\t<\/div>\n\t\t<\/div>\n\t\t\t\t<div class=\"elementor-column elementor-col-50 elementor-top-column elementor-element elementor-element-d99da56\" data-id=\"d99da56\" data-element_type=\"column\">\n\t\t\t<div class=\"elementor-column-wrap elementor-element-populated\">\n\t\t\t\t\t\t\t<div class=\"elementor-widget-wrap\">\n\t\t\t\t\t\t<div class=\"elementor-element elementor-element-c2c02ed elementor-widget elementor-widget-heading\" data-id=\"c2c02ed\" data-element_type=\"widget\" data-widget_type=\"heading.default\">\n\t\t\t\t<div class=\"elementor-widget-container\">\n\t\t\t<h3 class=\"elementor-heading-title elementor-size-default\">La maison ACHRONE 1997<\/h3>\t\t<\/div>\n\t\t\t\t<\/div>\n\t\t\t\t<div class=\"elementor-element elementor-element-bc8dc40 elementor-widget elementor-widget-text-editor\" data-id=\"bc8dc40\" data-element_type=\"widget\" data-widget_type=\"text-editor.default\">\n\t\t\t\t<div class=\"elementor-widget-container\">\n\t\t\t\t\t\t\t\t<div class=\"elementor-text-editor elementor-clearfix\">\n\t\t\t\t\t<div>La signification du mot <strong>ACHRONE<\/strong> (mot fran\u00e7ais signifiant un \u00e9l\u00e9ment hors du temps, intemporel) refl\u00e8te parfaitement l\u2019identit\u00e9 de la marque.<\/div><div>\u00a0<\/div><div><strong>ACHRONE1997\u00a0<sup>\u00ae<\/sup><\/strong>\u00a0est une mani\u00e8re de voir le monde \u00e0 travers l\u2019art, s\u2019inspirant d\u2019\u0153uvres de tous temps et des petites choses qui rendent ce monde immense. Nous proposons des pi\u00e8ces pour tous ainsi que pour les plus pointilleux de la mode. Notre priorit\u00e9 est la cr\u00e9ativit\u00e9, ainsi que notre savoir-faire dans nos ateliers de couture. La maison travaille avec d\u2019incroyables artistes et artisans afin de toujours garantir des pi\u00e8ces uniques de grande qualit\u00e9.<\/div><div>\u00a0<\/div><div><strong>ACHRONE1997\u00a0<\/strong><sup><strong>\u00ae<\/strong>\u00a0<\/sup>est un univers avec une identit\u00e9 particuli\u00e8re. Un mot ne peut d\u00e9crire la maison\u00a0; c\u2019est une personnalit\u00e9.<\/div><div>\u00a0<\/div><div><b>Alistair PRINCE<\/b>, n\u00e9 en 1997 est le cr\u00e9ateur et fondateur de la maison <b>ACHRONE1997<\/b><strong>\u00a0<span style=\"font-size: 9.75px; line-height: 0; position: relative; vertical-align: baseline; top: -0.5em;\">\u00ae<\/span><\/strong>. Originaire de <b>Reims<\/b>, il est fier de l&rsquo;histoire et de l&rsquo;art de sa ville l&rsquo;inspirant toujours aujourd&rsquo;hui. Impr\u00e9gn\u00e9 de mode et de libert\u00e9 de part son pass\u00e9, le styliste fran\u00e7ais cultive sa cr\u00e9ativit\u00e9 pour diriger les ateliers de couture de la maison. L&rsquo;ambition premi\u00e8re d&rsquo;Alistair et d&rsquo;ACHRONE1997 est de vous rendre unique par ses pi\u00e8ces.<\/div>\t\t\t\t\t<\/div>\n\t\t\t\t\t\t<\/div>\n\t\t\t\t<\/div>\n\t\t\t\t\t\t<\/div>\n\t\t\t\t\t<\/div>\n\t\t<\/div>\n\t\t\t\t\t\t\t\t<\/div>\n\t\t\t\t\t<\/div>\n\t\t<\/section>\n\t\t\t\t<section class=\"elementor-section elementor-top-section elementor-element elementor-element-472a29c elementor-section-boxed elementor-section-height-default elementor-section-height-default\" data-id=\"472a29c\" data-element_type=\"section\">\n\t\t\t\t\t\t<div class=\"elementor-container elementor-column-gap-default\">\n\t\t\t\t\t\t\t<div class=\"elementor-row\">\n\t\t\t\t\t<div class=\"elementor-column elementor-col-100 elementor-top-column elementor-element elementor-element-f2d6780\" data-id=\"f2d6780\" data-element_type=\"column\">\n\t\t\t<div class=\"elementor-column-wrap\">\n\t\t\t\t\t\t\t<div class=\"elementor-widget-wrap\">\n\t\t\t\t\t\t\t\t<\/div>\n\t\t\t\t\t<\/div>\n\t\t<\/div>\n\t\t\t\t\t\t\t\t<\/div>\n\t\t\t\t\t<\/div>\n\t\t<\/section>\n\t\t\t\t\t\t<\/div>\n\t\t\t\t\t\t<\/div>\n\t\t\t\t\t<\/div>\n\t\t","protected":false},"excerpt":{"rendered":"<p>La maison ACHRONE 1997 La signification du mot ACHRONE (mot fran\u00e7ais signifiant un \u00e9l\u00e9ment hors du temps, intemporel) refl\u00e8te parfaitement l\u2019identit\u00e9 de la marque.\u00a0ACHRONE1997\u00a0\u00ae\u00a0est une mani\u00e8re de voir le monde \u00e0 travers l\u2019art, s\u2019inspirant d\u2019\u0153uvres de tous temps et des petites choses qui rendent ce monde immense. Nous proposons des pi\u00e8ces pour tous ainsi que &hellip;<\/p>\n<p class=\"read-more\"> <a class=\"\" href=\"https:\/\/achrone-1997.com\/accueil\/la-maison-2\/\"> <span class=\"screen-reader-text\">LA MAISON<\/span> Lire la suite\u00a0\u00bb<\/a><\/p>\n","protected":false},"author":1,"featured_media":0,"parent":0,"menu_order":0,"comment_status":"closed","ping_status":"closed","template":"","meta":{"site-sidebar-layout":"default","site-content-layout":"default","ast-main-header-display":"","ast-hfb-above-header-display":"","ast-hfb-below-header-display":"","ast-hfb-mobile-header-display":"","site-post-title":"","ast-breadcrumbs-content":"","ast-featured-img":"","footer-sml-layout":"","theme-transparent-header-meta":"default","adv-header-id-meta":"","stick-header-meta":"","header-above-stick-meta":"","header-main-stick-meta":"","header-below-stick-meta":"","spay_email":"","footnotes":""},"_links":{"self":[{"href":"https:\/\/achrone-1997.com\/accueil\/wp-json\/wp\/v2\/pages\/7"}],"collection":[{"href":"https:\/\/achrone-1997.com\/accueil\/wp-json\/wp\/v2\/pages"}],"about":[{"href":"https:\/\/achrone-1997.com\/accueil\/wp-json\/wp\/v2\/types\/page"}],"author":[{"embeddable":true,"href":"https:\/\/achrone-1997.com\/accueil\/wp-json\/wp\/v2\/users\/1"}],"replies":[{"embeddable":true,"href":"https:\/\/achrone-1997.com\/accueil\/wp-json\/wp\/v2\/comments?post=7"}],"version-history":[{"count":116,"href":"https:\/\/achrone-1997.com\/accueil\/wp-json\/wp\/v2\/pages\/7\/revisions"}],"predecessor-version":[{"id":2121,"href":"https:\/\/achrone-1997.com\/accueil\/wp-json\/wp\/v2\/pages\/7\/revisions\/2121"}],"wp:attachment":[{"href":"https:\/\/achrone-1997.com\/accueil\/wp-json\/wp\/v2\/media?parent=7"}],"curies":[{"name":"wp","href":"https:\/\/api.w.org\/{rel}","templated":true}]}}